{"id":9149,"date":"2024-07-21T16:09:46","date_gmt":"2024-07-21T16:09:46","guid":{"rendered":"https:\/\/dlcbrothersconstruction.com\/?page_id=9149"},"modified":"2024-07-27T01:58:32","modified_gmt":"2024-07-27T01:58:32","slug":"donar","status":"publish","type":"page","link":"https:\/\/dlcbrothersconstruction.com\/en\/donar\/","title":{"rendered":"Donar"},"content":{"rendered":"<div data-elementor-type=\"wp-page\" data-elementor-id=\"9149\" class=\"elementor elementor-9149\">\n\t\t\t\t\t\t<section class=\"elementor-section elementor-top-section elementor-element elementor-element-vfad3py elementor-section-content-middle elementor-section-boxed elementor-section-height-default elementor-section-height-default\" data-id=\"vfad3py\" data-element_type=\"section\" data-settings=\"{&quot;background_background&quot;:&quot;classic&quot;}\">\n\t\t\t\t\t\t\t<div class=\"elementor-background-overlay\"><\/div>\n\t\t\t\t\t\t\t<div class=\"elementor-container elementor-column-gap-no\">\n\t\t\t\t\t<div class=\"elementor-column elementor-col-100 elementor-top-column elementor-element elementor-element-a8fceb1\" data-id=\"a8fceb1\" data-element_type=\"column\">\n\t\t\t<div class=\"elementor-widget-wrap elementor-element-populated\">\n\t\t\t\t\t\t<div class=\"elementor-element elementor-element-d484623 elementor-widget elementor-widget-heading\" data-id=\"d484623\" data-element_type=\"widget\" data-widget_type=\"heading.default\">\n\t\t\t\t<div class=\"elementor-widget-container\">\n\t\t\t<style>\/*! elementor - v3.20.0 - 20-03-2024 *\/\n.elementor-heading-title{padding:0;margin:0;line-height:1}.elementor-widget-heading .elementor-heading-title[class*=elementor-size-]>a{color:inherit;font-size:inherit;line-height:inherit}.elementor-widget-heading .elementor-heading-title.elementor-size-small{font-size:15px}.elementor-widget-heading .elementor-heading-title.elementor-size-medium{font-size:19px}.elementor-widget-heading .elementor-heading-title.elementor-size-large{font-size:29px}.elementor-widget-heading .elementor-heading-title.elementor-size-xl{font-size:39px}.elementor-widget-heading .elementor-heading-title.elementor-size-xxl{font-size:59px}<\/style><h2 class=\"elementor-heading-title elementor-size-default\">By donating, you are contributing to:<\/h2>\t\t<\/div>\n\t\t\t\t<\/div>\n\t\t\t\t<section class=\"elementor-section elementor-inner-section elementor-element elementor-element-d313255 elementor-section-boxed elementor-section-height-default elementor-section-height-default\" data-id=\"d313255\" data-element_type=\"section\">\n\t\t\t\t\t\t<div class=\"elementor-container elementor-column-gap-default\">\n\t\t\t\t\t<div class=\"elementor-column elementor-col-33 elementor-inner-column elementor-element elementor-element-22c3524\" data-id=\"22c3524\" data-element_type=\"column\">\n\t\t\t<div class=\"elementor-widget-wrap elementor-element-populated\">\n\t\t\t\t\t\t<div class=\"elementor-element elementor-element-e4c55c2 elementor-widget elementor-widget-image\" data-id=\"e4c55c2\" data-element_type=\"widget\" data-widget_type=\"image.default\">\n\t\t\t\t<div class=\"elementor-widget-container\">\n\t\t\t<style>\/*! elementor - v3.20.0 - 20-03-2024 *\/\n.elementor-widget-image{text-align:center}.elementor-widget-image a{display:inline-block}.elementor-widget-image a img[src$=\".svg\"]{width:48px}.elementor-widget-image img{vertical-align:middle;display:inline-block}<\/style>\t\t\t\t\t\t\t\t\t\t<img fetchpriority=\"high\" decoding=\"async\" width=\"1024\" height=\"1024\" src=\"https:\/\/dlcbrothersconstruction.com\/wp-content\/uploads\/2024\/07\/7b8cf481-c548-46f1-9da8-d1f9953adbbb.webp\" class=\"attachment-full size-full wp-image-9161\" alt=\"\" srcset=\"https:\/\/dlcbrothersconstruction.com\/wp-content\/uploads\/2024\/07\/7b8cf481-c548-46f1-9da8-d1f9953adbbb.webp 1024w, https:\/\/dlcbrothersconstruction.com\/wp-content\/uploads\/2024\/07\/7b8cf481-c548-46f1-9da8-d1f9953adbbb-300x300.webp 300w, https:\/\/dlcbrothersconstruction.com\/wp-content\/uploads\/2024\/07\/7b8cf481-c548-46f1-9da8-d1f9953adbbb-150x150.webp 150w, https:\/\/dlcbrothersconstruction.com\/wp-content\/uploads\/2024\/07\/7b8cf481-c548-46f1-9da8-d1f9953adbbb-768x768.webp 768w, https:\/\/dlcbrothersconstruction.com\/wp-content\/uploads\/2024\/07\/7b8cf481-c548-46f1-9da8-d1f9953adbbb-12x12.webp 12w\" sizes=\"(max-width: 1024px) 100vw, 1024px\" \/>\t\t\t\t\t\t\t\t\t\t\t\t\t<\/div>\n\t\t\t\t<\/div>\n\t\t\t\t<div class=\"elementor-element elementor-element-7d27157 elementor-widget elementor-widget-heading\" data-id=\"7d27157\" data-element_type=\"widget\" data-widget_type=\"heading.default\">\n\t\t\t\t<div class=\"elementor-widget-container\">\n\t\t\t<h3 class=\"elementor-heading-title elementor-size-default\">House reconstructions<\/h3>\t\t<\/div>\n\t\t\t\t<\/div>\n\t\t\t\t<div class=\"elementor-element elementor-element-aaec606 elementor-widget elementor-widget-text-editor\" data-id=\"aaec606\" data-element_type=\"widget\" data-widget_type=\"text-editor.default\">\n\t\t\t\t<div class=\"elementor-widget-container\">\n\t\t\t<style>\/*! elementor - v3.20.0 - 20-03-2024 *\/\n.elementor-widget-text-editor.elementor-drop-cap-view-stacked .elementor-drop-cap{background-color:#69727d;color:#fff}.elementor-widget-text-editor.elementor-drop-cap-view-framed .elementor-drop-cap{color:#69727d;border:3px solid;background-color:transparent}.elementor-widget-text-editor:not(.elementor-drop-cap-view-default) .elementor-drop-cap{margin-top:8px}.elementor-widget-text-editor:not(.elementor-drop-cap-view-default) .elementor-drop-cap-letter{width:1em;height:1em}.elementor-widget-text-editor .elementor-drop-cap{float:left;text-align:center;line-height:1;font-size:50px}.elementor-widget-text-editor .elementor-drop-cap-letter{display:inline-block}<\/style>\t\t\t\t<p>With your donation, you help families rebuild their homes after natural disasters or emergency situations, providing a safe and dignified place to live.<\/p>\t\t\t\t\t\t<\/div>\n\t\t\t\t<\/div>\n\t\t\t\t\t<\/div>\n\t\t<\/div>\n\t\t\t\t<div class=\"elementor-column elementor-col-33 elementor-inner-column elementor-element elementor-element-af2a78f\" data-id=\"af2a78f\" data-element_type=\"column\">\n\t\t\t<div class=\"elementor-widget-wrap elementor-element-populated\">\n\t\t\t\t\t\t<div class=\"elementor-element elementor-element-bb2b817 elementor-widget elementor-widget-image\" data-id=\"bb2b817\" data-element_type=\"widget\" data-widget_type=\"image.default\">\n\t\t\t\t<div class=\"elementor-widget-container\">\n\t\t\t\t\t\t\t\t\t\t\t\t\t<img decoding=\"async\" width=\"1024\" height=\"1024\" src=\"https:\/\/dlcbrothersconstruction.com\/wp-content\/uploads\/2024\/07\/2d276413-5968-48f5-b8bc-803c586e4c19.webp\" class=\"attachment-full size-full wp-image-9162\" alt=\"\" srcset=\"https:\/\/dlcbrothersconstruction.com\/wp-content\/uploads\/2024\/07\/2d276413-5968-48f5-b8bc-803c586e4c19.webp 1024w, https:\/\/dlcbrothersconstruction.com\/wp-content\/uploads\/2024\/07\/2d276413-5968-48f5-b8bc-803c586e4c19-300x300.webp 300w, https:\/\/dlcbrothersconstruction.com\/wp-content\/uploads\/2024\/07\/2d276413-5968-48f5-b8bc-803c586e4c19-150x150.webp 150w, https:\/\/dlcbrothersconstruction.com\/wp-content\/uploads\/2024\/07\/2d276413-5968-48f5-b8bc-803c586e4c19-768x768.webp 768w, https:\/\/dlcbrothersconstruction.com\/wp-content\/uploads\/2024\/07\/2d276413-5968-48f5-b8bc-803c586e4c19-12x12.webp 12w\" sizes=\"(max-width: 1024px) 100vw, 1024px\" \/>\t\t\t\t\t\t\t\t\t\t\t\t\t<\/div>\n\t\t\t\t<\/div>\n\t\t\t\t<div class=\"elementor-element elementor-element-11a5560 elementor-widget elementor-widget-heading\" data-id=\"11a5560\" data-element_type=\"widget\" data-widget_type=\"heading.default\">\n\t\t\t\t<div class=\"elementor-widget-container\">\n\t\t\t<h3 class=\"elementor-heading-title elementor-size-default\">Support for studies<\/h3>\t\t<\/div>\n\t\t\t\t<\/div>\n\t\t\t\t<div class=\"elementor-element elementor-element-2271db1 elementor-widget elementor-widget-text-editor\" data-id=\"2271db1\" data-element_type=\"widget\" data-widget_type=\"text-editor.default\">\n\t\t\t\t<div class=\"elementor-widget-container\">\n\t\t\t\t\t\t\t<p>Your contributions enable children and young people to access education by covering the costs of tuition, school materials and educational programs, opening doors to a better future.<\/p>\t\t\t\t\t\t<\/div>\n\t\t\t\t<\/div>\n\t\t\t\t\t<\/div>\n\t\t<\/div>\n\t\t\t\t<div class=\"elementor-column elementor-col-33 elementor-inner-column elementor-element elementor-element-b4566d0\" data-id=\"b4566d0\" data-element_type=\"column\">\n\t\t\t<div class=\"elementor-widget-wrap elementor-element-populated\">\n\t\t\t\t\t\t<div class=\"elementor-element elementor-element-bd46985 elementor-widget elementor-widget-image\" data-id=\"bd46985\" data-element_type=\"widget\" data-widget_type=\"image.default\">\n\t\t\t\t<div class=\"elementor-widget-container\">\n\t\t\t\t\t\t\t\t\t\t\t\t\t<img decoding=\"async\" width=\"1024\" height=\"1024\" src=\"https:\/\/dlcbrothersconstruction.com\/wp-content\/uploads\/2024\/07\/23231a40-5831-4ad0-bd58-631ba686f401.webp\" class=\"attachment-full size-full wp-image-9164\" alt=\"\" srcset=\"https:\/\/dlcbrothersconstruction.com\/wp-content\/uploads\/2024\/07\/23231a40-5831-4ad0-bd58-631ba686f401.webp 1024w, https:\/\/dlcbrothersconstruction.com\/wp-content\/uploads\/2024\/07\/23231a40-5831-4ad0-bd58-631ba686f401-300x300.webp 300w, https:\/\/dlcbrothersconstruction.com\/wp-content\/uploads\/2024\/07\/23231a40-5831-4ad0-bd58-631ba686f401-150x150.webp 150w, https:\/\/dlcbrothersconstruction.com\/wp-content\/uploads\/2024\/07\/23231a40-5831-4ad0-bd58-631ba686f401-768x768.webp 768w, https:\/\/dlcbrothersconstruction.com\/wp-content\/uploads\/2024\/07\/23231a40-5831-4ad0-bd58-631ba686f401-12x12.webp 12w\" sizes=\"(max-width: 1024px) 100vw, 1024px\" \/>\t\t\t\t\t\t\t\t\t\t\t\t\t<\/div>\n\t\t\t\t<\/div>\n\t\t\t\t<div class=\"elementor-element elementor-element-ee1c81c elementor-widget elementor-widget-heading\" data-id=\"ee1c81c\" data-element_type=\"widget\" data-widget_type=\"heading.default\">\n\t\t\t\t<div class=\"elementor-widget-container\">\n\t\t\t<h3 class=\"elementor-heading-title elementor-size-default\">Helping senior citizens<\/h3>\t\t<\/div>\n\t\t\t\t<\/div>\n\t\t\t\t<div class=\"elementor-element elementor-element-232ab6e elementor-widget elementor-widget-text-editor\" data-id=\"232ab6e\" data-element_type=\"widget\" data-widget_type=\"text-editor.default\">\n\t\t\t\t<div class=\"elementor-widget-container\">\n\t\t\t\t\t\t\t<p>By donating, you improve the quality of life of the elderly, offering them the care, company and resources necessary for them to live with dignity and well-being in their stage of life.<\/p>\t\t\t\t\t\t<\/div>\n\t\t\t\t<\/div>\n\t\t\t\t\t<\/div>\n\t\t<\/div>\n\t\t\t\t\t<\/div>\n\t\t<\/section>\n\t\t\t\t<section class=\"elementor-section elementor-inner-section elementor-element elementor-element-b1ef1ef elementor-section-boxed elementor-section-height-default elementor-section-height-default\" data-id=\"b1ef1ef\" data-element_type=\"section\">\n\t\t\t\t\t\t<div class=\"elementor-container elementor-column-gap-default\">\n\t\t\t\t\t<div class=\"elementor-column elementor-col-33 elementor-inner-column elementor-element elementor-element-f8abded\" data-id=\"f8abded\" data-element_type=\"column\">\n\t\t\t<div class=\"elementor-widget-wrap elementor-element-populated\">\n\t\t\t\t\t\t<div class=\"elementor-element elementor-element-b98d03e elementor-widget elementor-widget-image\" data-id=\"b98d03e\" data-element_type=\"widget\" data-widget_type=\"image.default\">\n\t\t\t\t<div class=\"elementor-widget-container\">\n\t\t\t\t\t\t\t\t\t\t\t\t\t<img loading=\"lazy\" decoding=\"async\" width=\"1034\" height=\"853\" src=\"https:\/\/dlcbrothersconstruction.com\/wp-content\/uploads\/2024\/07\/hrlpyoungpeople-e1721579282719.jpg\" class=\"attachment-full size-full wp-image-9165\" alt=\"\" srcset=\"https:\/\/dlcbrothersconstruction.com\/wp-content\/uploads\/2024\/07\/hrlpyoungpeople-e1721579282719.jpg 1034w, https:\/\/dlcbrothersconstruction.com\/wp-content\/uploads\/2024\/07\/hrlpyoungpeople-e1721579282719-300x247.jpg 300w, https:\/\/dlcbrothersconstruction.com\/wp-content\/uploads\/2024\/07\/hrlpyoungpeople-e1721579282719-1024x845.jpg 1024w, https:\/\/dlcbrothersconstruction.com\/wp-content\/uploads\/2024\/07\/hrlpyoungpeople-e1721579282719-768x634.jpg 768w, https:\/\/dlcbrothersconstruction.com\/wp-content\/uploads\/2024\/07\/hrlpyoungpeople-e1721579282719-15x12.jpg 15w\" sizes=\"(max-width: 1034px) 100vw, 1034px\" \/>\t\t\t\t\t\t\t\t\t\t\t\t\t<\/div>\n\t\t\t\t<\/div>\n\t\t\t\t<div class=\"elementor-element elementor-element-d880e73 elementor-widget elementor-widget-heading\" data-id=\"d880e73\" data-element_type=\"widget\" data-widget_type=\"heading.default\">\n\t\t\t\t<div class=\"elementor-widget-container\">\n\t\t\t<h3 class=\"elementor-heading-title elementor-size-default\">Youth<\/h3>\t\t<\/div>\n\t\t\t\t<\/div>\n\t\t\t\t<div class=\"elementor-element elementor-element-94506de elementor-widget elementor-widget-text-editor\" data-id=\"94506de\" data-element_type=\"widget\" data-widget_type=\"text-editor.default\">\n\t\t\t\t<div class=\"elementor-widget-container\">\n\t\t\t\t\t\t\t<p>Your donations support programs that empower youth by providing them with opportunities for personal and professional development and learning skills that prepare them for the future.<\/p>\t\t\t\t\t\t<\/div>\n\t\t\t\t<\/div>\n\t\t\t\t\t<\/div>\n\t\t<\/div>\n\t\t\t\t<div class=\"elementor-column elementor-col-33 elementor-inner-column elementor-element elementor-element-d75b273\" data-id=\"d75b273\" data-element_type=\"column\">\n\t\t\t<div class=\"elementor-widget-wrap elementor-element-populated\">\n\t\t\t\t\t\t<div class=\"elementor-element elementor-element-2af8a6d elementor-widget elementor-widget-image\" data-id=\"2af8a6d\" data-element_type=\"widget\" data-widget_type=\"image.default\">\n\t\t\t\t<div class=\"elementor-widget-container\">\n\t\t\t\t\t\t\t\t\t\t\t\t\t<img loading=\"lazy\" decoding=\"async\" width=\"1024\" height=\"1024\" src=\"https:\/\/dlcbrothersconstruction.com\/wp-content\/uploads\/2024\/07\/59.jpg\" class=\"attachment-full size-full wp-image-9169\" alt=\"\" srcset=\"https:\/\/dlcbrothersconstruction.com\/wp-content\/uploads\/2024\/07\/59.jpg 1024w, https:\/\/dlcbrothersconstruction.com\/wp-content\/uploads\/2024\/07\/59-300x300.jpg 300w, https:\/\/dlcbrothersconstruction.com\/wp-content\/uploads\/2024\/07\/59-150x150.jpg 150w, https:\/\/dlcbrothersconstruction.com\/wp-content\/uploads\/2024\/07\/59-768x768.jpg 768w, https:\/\/dlcbrothersconstruction.com\/wp-content\/uploads\/2024\/07\/59-12x12.jpg 12w\" sizes=\"(max-width: 1024px) 100vw, 1024px\" \/>\t\t\t\t\t\t\t\t\t\t\t\t\t<\/div>\n\t\t\t\t<\/div>\n\t\t\t\t<div class=\"elementor-element elementor-element-f7a7221 elementor-widget elementor-widget-heading\" data-id=\"f7a7221\" data-element_type=\"widget\" data-widget_type=\"heading.default\">\n\t\t\t\t<div class=\"elementor-widget-container\">\n\t\t\t<h3 class=\"elementor-heading-title elementor-size-default\">Food<\/h3>\t\t<\/div>\n\t\t\t\t<\/div>\n\t\t\t\t<div class=\"elementor-element elementor-element-22764bf elementor-widget elementor-widget-text-editor\" data-id=\"22764bf\" data-element_type=\"widget\" data-widget_type=\"text-editor.default\">\n\t\t\t\t<div class=\"elementor-widget-container\">\n\t\t\t\t\t\t\t<p>With your help, we ensure that people in vulnerable situations receive nutritious food, combating hunger and improving their health and well-being.<\/p>\t\t\t\t\t\t<\/div>\n\t\t\t\t<\/div>\n\t\t\t\t\t<\/div>\n\t\t<\/div>\n\t\t\t\t<div class=\"elementor-column elementor-col-33 elementor-inner-column elementor-element elementor-element-e7c6346\" data-id=\"e7c6346\" data-element_type=\"column\">\n\t\t\t<div class=\"elementor-widget-wrap elementor-element-populated\">\n\t\t\t\t\t\t<div class=\"elementor-element elementor-element-2c94d3d elementor-widget elementor-widget-image\" data-id=\"2c94d3d\" data-element_type=\"widget\" data-widget_type=\"image.default\">\n\t\t\t\t<div class=\"elementor-widget-container\">\n\t\t\t\t\t\t\t\t\t\t\t\t\t<img loading=\"lazy\" decoding=\"async\" width=\"812\" height=\"733\" src=\"https:\/\/dlcbrothersconstruction.com\/wp-content\/uploads\/2024\/07\/sickpeople-e1721579419711.jpg\" class=\"attachment-full size-full wp-image-9170\" alt=\"\" srcset=\"https:\/\/dlcbrothersconstruction.com\/wp-content\/uploads\/2024\/07\/sickpeople-e1721579419711.jpg 812w, https:\/\/dlcbrothersconstruction.com\/wp-content\/uploads\/2024\/07\/sickpeople-e1721579419711-300x271.jpg 300w, https:\/\/dlcbrothersconstruction.com\/wp-content\/uploads\/2024\/07\/sickpeople-e1721579419711-768x693.jpg 768w, https:\/\/dlcbrothersconstruction.com\/wp-content\/uploads\/2024\/07\/sickpeople-e1721579419711-13x12.jpg 13w\" sizes=\"(max-width: 812px) 100vw, 812px\" \/>\t\t\t\t\t\t\t\t\t\t\t\t\t<\/div>\n\t\t\t\t<\/div>\n\t\t\t\t<div class=\"elementor-element elementor-element-9fdfe4a elementor-widget elementor-widget-heading\" data-id=\"9fdfe4a\" data-element_type=\"widget\" data-widget_type=\"heading.default\">\n\t\t\t\t<div class=\"elementor-widget-container\">\n\t\t\t<h3 class=\"elementor-heading-title elementor-size-default\">High-risk diseases<\/h3>\t\t<\/div>\n\t\t\t\t<\/div>\n\t\t\t\t<div class=\"elementor-element elementor-element-ad40c43 elementor-widget elementor-widget-text-editor\" data-id=\"ad40c43\" data-element_type=\"widget\" data-widget_type=\"text-editor.default\">\n\t\t\t\t<div class=\"elementor-widget-container\">\n\t\t\t\t\t\t\t<p>Your contribution provides medical assistance, medications and treatments to sick people, improving their living conditions and supporting them in\u00a0their\u00a0recovery.<\/p>\t\t\t\t\t\t<\/div>\n\t\t\t\t<\/div>\n\t\t\t\t\t<\/div>\n\t\t<\/div>\n\t\t\t\t\t<\/div>\n\t\t<\/section>\n\t\t\t\t<section class=\"elementor-section elementor-inner-section elementor-element elementor-element-eeaad4b elementor-section-boxed elementor-section-height-default elementor-section-height-default\" data-id=\"eeaad4b\" data-element_type=\"section\">\n\t\t\t\t\t\t<div class=\"elementor-container elementor-column-gap-default\">\n\t\t\t\t\t<div class=\"elementor-column elementor-col-50 elementor-inner-column elementor-element elementor-element-67d1b23\" data-id=\"67d1b23\" data-element_type=\"column\">\n\t\t\t<div class=\"elementor-widget-wrap elementor-element-populated\">\n\t\t\t\t\t\t<div class=\"elementor-element elementor-element-f808524 elementor-widget__width-initial elementor-widget elementor-widget-text-editor\" data-id=\"f808524\" data-element_type=\"widget\" data-widget_type=\"text-editor.default\">\n\t\t\t\t<div class=\"elementor-widget-container\">\n\t\t\t\t\t\t\t<p>Be part of our foundation!<\/p>\t\t\t\t\t\t<\/div>\n\t\t\t\t<\/div>\n\t\t\t\t\t<\/div>\n\t\t<\/div>\n\t\t\t\t<div class=\"elementor-column elementor-col-50 elementor-inner-column elementor-element elementor-element-c762d8f\" data-id=\"c762d8f\" data-element_type=\"column\">\n\t\t\t<div class=\"elementor-widget-wrap elementor-element-populated\">\n\t\t\t\t\t\t<div class=\"elementor-element elementor-element-763e72c elementor-align-center elementor-widget elementor-widget-button\" data-id=\"763e72c\" data-element_type=\"widget\" data-widget_type=\"button.default\">\n\t\t\t\t<div class=\"elementor-widget-container\">\n\t\t\t\t\t<div class=\"elementor-button-wrapper\">\n\t\t\t<a class=\"elementor-button elementor-button-link elementor-size-sm\" href=\"https:\/\/www.paypal.com\/ncp\/payment\/BFQ5TLCZPNJT2\">\n\t\t\t\t\t\t<span class=\"elementor-button-content-wrapper\">\n\t\t\t\t\t\t<span class=\"elementor-button-text\">DONATE<\/span>\n\t\t<\/span>\n\t\t\t\t\t<\/a>\n\t\t<\/div>\n\t\t\t\t<\/div>\n\t\t\t\t<\/div>\n\t\t\t\t\t<\/div>\n\t\t<\/div>\n\t\t\t\t\t<\/div>\n\t\t<\/section>\n\t\t\t\t\t<\/div>\n\t\t<\/div>\n\t\t\t\t\t<\/div>\n\t\t<\/section>\n\t\t\t\t<\/div>","protected":false},"excerpt":{"rendered":"<p>Al donar contribuyes con: Reconstrucciones de casas Con tu donaci\u00f3n, ayudas a las familias a reconstruir sus hogares despu\u00e9s de desastres naturales o situaciones de emergencia, proporcionando un lugar seguro y digno donde vivir. Apoyo a estudios Tus contribuciones permiten que ni\u00f1os y j\u00f3venes accedan a la educaci\u00f3n, cubriendo los costos de matr\u00edculas, materiales escolares [&hellip;]<\/p>","protected":false},"author":1,"featured_media":0,"parent":0,"menu_order":0,"comment_status":"closed","ping_status":"closed","template":"","meta":{"_uag_custom_page_level_css":"","site-sidebar-layout":"no-sidebar","site-content-layout":"page-builder","ast-site-content-layout":"full-width-container","site-content-style":"default","site-sidebar-style":"default","ast-global-header-display":"","ast-banner-title-visibility":"","ast-main-header-display":"","ast-hfb-above-header-display":"","ast-hfb-below-header-display":"","ast-hfb-mobile-header-display":"","site-post-title":"disabled","ast-breadcrumbs-content":"","ast-featured-img":"disabled","footer-sml-layout":"","theme-transparent-header-meta":"","adv-header-id-meta":"","stick-header-meta":"","header-above-stick-meta":"","header-main-stick-meta":"","header-below-stick-meta":"","astra-migrate-meta-layouts":"set","ast-page-background-enabled":"default","ast-page-background-meta":{"desktop":{"background-color":"","background-image":"","background-repeat":"repeat","background-position":"center center","background-size":"auto","background-attachment":"scroll","background-type":"","background-media":"","overlay-type":"","overlay-color":"","overlay-gradient":""},"tablet":{"background-color":"","background-image":"","background-repeat":"repeat","background-position":"center center","background-size":"auto","background-attachment":"scroll","background-type":"","background-media":"","overlay-type":"","overlay-color":"","overlay-gradient":""},"mobile":{"background-color":"","background-image":"","background-repeat":"repeat","background-position":"center center","background-size":"auto","background-attachment":"scroll","background-type":"","background-media":"","overlay-type":"","overlay-color":"","overlay-gradient":""}},"ast-content-background-meta":{"desktop":{"background-color":"var(--ast-global-color-5)","background-image":"","background-repeat":"repeat","background-position":"center center","background-size":"auto","background-attachment":"scroll","background-type":"","background-media":"","overlay-type":"","overlay-color":"","overlay-gradient":""},"tablet":{"background-color":"var(--ast-global-color-5)","background-image":"","background-repeat":"repeat","background-position":"center center","background-size":"auto","background-attachment":"scroll","background-type":"","background-media":"","overlay-type":"","overlay-color":"","overlay-gradient":""},"mobile":{"background-color":"var(--ast-global-color-5)","background-image":"","background-repeat":"repeat","background-position":"center center","background-size":"auto","background-attachment":"scroll","background-type":"","background-media":"","overlay-type":"","overlay-color":"","overlay-gradient":""}},"footnotes":""},"class_list":["post-9149","page","type-page","status-publish","hentry"],"uagb_featured_image_src":{"full":false,"thumbnail":false,"medium":false,"medium_large":false,"large":false,"1536x1536":false,"2048x2048":false,"trp-custom-language-flag":false},"uagb_author_info":{"display_name":"DLC Brothers Construction","author_link":"https:\/\/dlcbrothersconstruction.com\/en\/author\/dlcbrothers\/"},"uagb_comment_info":0,"uagb_excerpt":"Al donar contribuyes con: Reconstrucciones de casas Con tu donaci\u00f3n, ayudas a las familias a reconstruir sus hogares despu\u00e9s de desastres naturales o situaciones de emergencia, proporcionando un lugar seguro y digno donde vivir. Apoyo a estudios Tus contribuciones permiten que ni\u00f1os y j\u00f3venes accedan a la educaci\u00f3n, cubriendo los costos de matr\u00edculas, materiales escolares&hellip;","_links":{"self":[{"href":"https:\/\/dlcbrothersconstruction.com\/en\/wp-json\/wp\/v2\/pages\/9149","targetHints":{"allow":["GET"]}}],"collection":[{"href":"https:\/\/dlcbrothersconstruction.com\/en\/wp-json\/wp\/v2\/pages"}],"about":[{"href":"https:\/\/dlcbrothersconstruction.com\/en\/wp-json\/wp\/v2\/types\/page"}],"author":[{"embeddable":true,"href":"https:\/\/dlcbrothersconstruction.com\/en\/wp-json\/wp\/v2\/users\/1"}],"replies":[{"embeddable":true,"href":"https:\/\/dlcbrothersconstruction.com\/en\/wp-json\/wp\/v2\/comments?post=9149"}],"version-history":[{"count":22,"href":"https:\/\/dlcbrothersconstruction.com\/en\/wp-json\/wp\/v2\/pages\/9149\/revisions"}],"predecessor-version":[{"id":9201,"href":"https:\/\/dlcbrothersconstruction.com\/en\/wp-json\/wp\/v2\/pages\/9149\/revisions\/9201"}],"wp:attachment":[{"href":"https:\/\/dlcbrothersconstruction.com\/en\/wp-json\/wp\/v2\/media?parent=9149"}],"curies":[{"name":"wp","href":"https:\/\/api.w.org\/{rel}","templated":true}]}}