{"id":8793,"date":"2021-06-12T06:25:44","date_gmt":"2021-06-12T06:25:44","guid":{"rendered":"https:\/\/dlcbrothersconstruction.com\/?page_id=8793"},"modified":"2022-09-29T21:28:14","modified_gmt":"2022-09-29T21:28:14","slug":"servicios","status":"publish","type":"page","link":"https:\/\/dlcbrothersconstruction.com\/es\/servicios\/","title":{"rendered":"Servicios"},"content":{"rendered":"\t\t<div data-elementor-type=\"wp-page\" data-elementor-id=\"8793\" class=\"elementor elementor-8793\">\n\t\t\t\t\t\t<section class=\"elementor-section elementor-top-section elementor-element elementor-element-623ea53 elementor-section-boxed elementor-section-height-default elementor-section-height-default\" data-id=\"623ea53\" data-element_type=\"section\" data-settings=\"{&quot;background_background&quot;:&quot;classic&quot;}\">\n\t\t\t\t\t\t\t<div class=\"elementor-background-overlay\"><\/div>\n\t\t\t\t\t\t\t<div class=\"elementor-container elementor-column-gap-no\">\n\t\t\t\t\t<div class=\"elementor-column elementor-col-100 elementor-top-column elementor-element elementor-element-21ddeff\" data-id=\"21ddeff\" data-element_type=\"column\">\n\t\t\t<div class=\"elementor-widget-wrap elementor-element-populated\">\n\t\t\t\t\t\t<div class=\"elementor-element elementor-element-a09d3bc elementor-widget elementor-widget-heading\" data-id=\"a09d3bc\" data-element_type=\"widget\" data-widget_type=\"heading.default\">\n\t\t\t\t<div class=\"elementor-widget-container\">\n\t\t\t<style>\/*! elementor - v3.20.0 - 20-03-2024 *\/\n.elementor-heading-title{padding:0;margin:0;line-height:1}.elementor-widget-heading .elementor-heading-title[class*=elementor-size-]>a{color:inherit;font-size:inherit;line-height:inherit}.elementor-widget-heading .elementor-heading-title.elementor-size-small{font-size:15px}.elementor-widget-heading .elementor-heading-title.elementor-size-medium{font-size:19px}.elementor-widget-heading .elementor-heading-title.elementor-size-large{font-size:29px}.elementor-widget-heading .elementor-heading-title.elementor-size-xl{font-size:39px}.elementor-widget-heading .elementor-heading-title.elementor-size-xxl{font-size:59px}<\/style><h1 class=\"elementor-heading-title elementor-size-default\">Servicios<\/h1>\t\t<\/div>\n\t\t\t\t<\/div>\n\t\t\t\t\t<\/div>\n\t\t<\/div>\n\t\t\t\t\t<\/div>\n\t\t<\/section>\n\t\t\t\t<section class=\"elementor-section elementor-top-section elementor-element elementor-element-e6eecd6 elementor-section-boxed elementor-section-height-default elementor-section-height-default\" data-id=\"e6eecd6\" data-element_type=\"section\" data-settings=\"{&quot;background_background&quot;:&quot;classic&quot;}\">\n\t\t\t\t\t\t\t<div class=\"elementor-background-overlay\"><\/div>\n\t\t\t\t\t\t\t<div class=\"elementor-container elementor-column-gap-no\">\n\t\t\t\t\t<div class=\"elementor-column elementor-col-100 elementor-top-column elementor-element elementor-element-75764c5\" data-id=\"75764c5\" data-element_type=\"column\">\n\t\t\t<div class=\"elementor-widget-wrap elementor-element-populated\">\n\t\t\t\t\t\t<div class=\"elementor-element elementor-element-a3030da elementor-widget elementor-widget-heading\" data-id=\"a3030da\" data-element_type=\"widget\" data-widget_type=\"heading.default\">\n\t\t\t\t<div class=\"elementor-widget-container\">\n\t\t\t<h6 class=\"elementor-heading-title elementor-size-default\">Nuestros Servicios<\/h6>\t\t<\/div>\n\t\t\t\t<\/div>\n\t\t\t\t<div class=\"elementor-element elementor-element-1dbc89b elementor-widget elementor-widget-heading\" data-id=\"1dbc89b\" data-element_type=\"widget\" data-widget_type=\"heading.default\">\n\t\t\t\t<div class=\"elementor-widget-container\">\n\t\t\t<h2 class=\"elementor-heading-title elementor-size-default\">Conf\u00eda en nuestro talento<\/h2>\t\t<\/div>\n\t\t\t\t<\/div>\n\t\t\t\t<div class=\"elementor-element elementor-element-b9529bc elementor-widget__width-initial elementor-widget-tablet__width-initial elementor-widget-mobile__width-inherit elementor-position-top elementor-widget elementor-widget-image-box\" data-id=\"b9529bc\" data-element_type=\"widget\" data-widget_type=\"image-box.default\">\n\t\t\t\t<div class=\"elementor-widget-container\">\n\t\t\t<style>\/*! elementor - v3.20.0 - 20-03-2024 *\/\n.elementor-widget-image-box .elementor-image-box-content{width:100%}@media (min-width:768px){.elementor-widget-image-box.elementor-position-left .elementor-image-box-wrapper,.elementor-widget-image-box.elementor-position-right .elementor-image-box-wrapper{display:flex}.elementor-widget-image-box.elementor-position-right .elementor-image-box-wrapper{text-align:right;flex-direction:row-reverse}.elementor-widget-image-box.elementor-position-left .elementor-image-box-wrapper{text-align:left;flex-direction:row}.elementor-widget-image-box.elementor-position-top .elementor-image-box-img{margin:auto}.elementor-widget-image-box.elementor-vertical-align-top .elementor-image-box-wrapper{align-items:flex-start}.elementor-widget-image-box.elementor-vertical-align-middle .elementor-image-box-wrapper{align-items:center}.elementor-widget-image-box.elementor-vertical-align-bottom .elementor-image-box-wrapper{align-items:flex-end}}@media (max-width:767px){.elementor-widget-image-box .elementor-image-box-img{margin-left:auto!important;margin-right:auto!important;margin-bottom:15px}}.elementor-widget-image-box .elementor-image-box-img{display:inline-block}.elementor-widget-image-box .elementor-image-box-title a{color:inherit}.elementor-widget-image-box .elementor-image-box-wrapper{text-align:center}.elementor-widget-image-box .elementor-image-box-description{margin:0}<\/style><div class=\"elementor-image-box-wrapper\"><figure class=\"elementor-image-box-img\"><img fetchpriority=\"high\" decoding=\"async\" width=\"500\" height=\"320\" src=\"https:\/\/dlcbrothersconstruction.com\/wp-content\/uploads\/2022\/06\/Comprayventa.png\" class=\"attachment-full size-full wp-image-8869\" alt=\"\" srcset=\"https:\/\/dlcbrothersconstruction.com\/wp-content\/uploads\/2022\/06\/Comprayventa.png 500w, https:\/\/dlcbrothersconstruction.com\/wp-content\/uploads\/2022\/06\/Comprayventa-300x192.png 300w\" sizes=\"(max-width: 500px) 100vw, 500px\" \/><\/figure><div class=\"elementor-image-box-content\"><h4 class=\"elementor-image-box-title\">Compra y Venta de Casas<\/h4><p class=\"elementor-image-box-description\">Si necesitas vender\/ comprar tu hogar, no busques m\u00e1s, nosotros nos encargaremos de todo el trabajo dif\u00edcil.<\/p><\/div><\/div>\t\t<\/div>\n\t\t\t\t<\/div>\n\t\t\t\t<div class=\"elementor-element elementor-element-1ee8e7c elementor-widget__width-initial elementor-widget-tablet__width-initial elementor-widget-mobile__width-inherit elementor-position-top elementor-widget elementor-widget-image-box\" data-id=\"1ee8e7c\" data-element_type=\"widget\" data-widget_type=\"image-box.default\">\n\t\t\t\t<div class=\"elementor-widget-container\">\n\t\t\t<div class=\"elementor-image-box-wrapper\"><figure class=\"elementor-image-box-img\"><img decoding=\"async\" width=\"500\" height=\"320\" src=\"https:\/\/dlcbrothersconstruction.com\/wp-content\/uploads\/2021\/06\/services-2.png\" class=\"attachment-full size-full wp-image-141\" alt=\"\" srcset=\"https:\/\/dlcbrothersconstruction.com\/wp-content\/uploads\/2021\/06\/services-2.png 500w, https:\/\/dlcbrothersconstruction.com\/wp-content\/uploads\/2021\/06\/services-2-300x192.png 300w\" sizes=\"(max-width: 500px) 100vw, 500px\" \/><\/figure><div class=\"elementor-image-box-content\"><h4 class=\"elementor-image-box-title\">Remodelaciones<\/h4><p class=\"elementor-image-box-description\">En caso de que necesites el mejor servicio de remodelaci\u00f3n nosotros estamos especializados en el area.<\/p><\/div><\/div>\t\t<\/div>\n\t\t\t\t<\/div>\n\t\t\t\t<div class=\"elementor-element elementor-element-cd7a0c6 elementor-widget__width-initial elementor-widget-tablet__width-initial elementor-widget-mobile__width-inherit elementor-position-top elementor-widget elementor-widget-image-box\" data-id=\"cd7a0c6\" data-element_type=\"widget\" data-widget_type=\"image-box.default\">\n\t\t\t\t<div class=\"elementor-widget-container\">\n\t\t\t<div class=\"elementor-image-box-wrapper\"><figure class=\"elementor-image-box-img\"><img decoding=\"async\" width=\"500\" height=\"320\" src=\"https:\/\/dlcbrothersconstruction.com\/wp-content\/uploads\/2022\/06\/plandepagos.png\" class=\"attachment-full size-full wp-image-8870\" alt=\"\" srcset=\"https:\/\/dlcbrothersconstruction.com\/wp-content\/uploads\/2022\/06\/plandepagos.png 500w, https:\/\/dlcbrothersconstruction.com\/wp-content\/uploads\/2022\/06\/plandepagos-300x192.png 300w\" sizes=\"(max-width: 500px) 100vw, 500px\" \/><\/figure><div class=\"elementor-image-box-content\"><h4 class=\"elementor-image-box-title\">Plan de pagos<\/h4><p class=\"elementor-image-box-description\">Te ofrecemos la comodidad de pagar tu casa en c\u00f3modas cuotas.<\/p><\/div><\/div>\t\t<\/div>\n\t\t\t\t<\/div>\n\t\t\t\t<div class=\"elementor-element elementor-element-56af1c9 elementor-widget__width-initial elementor-widget-tablet__width-initial elementor-widget-mobile__width-inherit elementor-position-top elementor-widget elementor-widget-image-box\" data-id=\"56af1c9\" data-element_type=\"widget\" data-widget_type=\"image-box.default\">\n\t\t\t\t<div class=\"elementor-widget-container\">\n\t\t\t<div class=\"elementor-image-box-wrapper\"><figure class=\"elementor-image-box-img\"><img loading=\"lazy\" decoding=\"async\" width=\"500\" height=\"320\" src=\"https:\/\/dlcbrothersconstruction.com\/wp-content\/uploads\/2021\/06\/metal-roof.jpg\" class=\"attachment-full size-full wp-image-289\" alt=\"\" srcset=\"https:\/\/dlcbrothersconstruction.com\/wp-content\/uploads\/2021\/06\/metal-roof.jpg 500w, https:\/\/dlcbrothersconstruction.com\/wp-content\/uploads\/2021\/06\/metal-roof-300x192.jpg 300w\" sizes=\"(max-width: 500px) 100vw, 500px\" \/><\/figure><div class=\"elementor-image-box-content\"><h4 class=\"elementor-image-box-title\">Remplazo de ventanas<\/h4><p class=\"elementor-image-box-description\">Creemos que se trata de un servicio amable, r\u00e1pido y de calidad. por las que podr\u00eda ser una buena decisi\u00f3n reemplazar sus ventanas.\n<\/p><\/div><\/div>\t\t<\/div>\n\t\t\t\t<\/div>\n\t\t\t\t<div class=\"elementor-element elementor-element-ff6dc9f elementor-widget__width-initial elementor-widget-tablet__width-initial elementor-widget-mobile__width-inherit elementor-position-top elementor-widget elementor-widget-image-box\" data-id=\"ff6dc9f\" data-element_type=\"widget\" data-widget_type=\"image-box.default\">\n\t\t\t\t<div class=\"elementor-widget-container\">\n\t\t\t<div class=\"elementor-image-box-wrapper\"><figure class=\"elementor-image-box-img\"><img loading=\"lazy\" decoding=\"async\" width=\"2560\" height=\"1707\" src=\"https:\/\/dlcbrothersconstruction.com\/wp-content\/uploads\/2022\/07\/pexels-startup-stock-photos-212286-scaled.jpg\" class=\"attachment-full size-full wp-image-8928\" alt=\"\" srcset=\"https:\/\/dlcbrothersconstruction.com\/wp-content\/uploads\/2022\/07\/pexels-startup-stock-photos-212286-scaled.jpg 2560w, https:\/\/dlcbrothersconstruction.com\/wp-content\/uploads\/2022\/07\/pexels-startup-stock-photos-212286-300x200.jpg 300w, https:\/\/dlcbrothersconstruction.com\/wp-content\/uploads\/2022\/07\/pexels-startup-stock-photos-212286-1024x683.jpg 1024w, https:\/\/dlcbrothersconstruction.com\/wp-content\/uploads\/2022\/07\/pexels-startup-stock-photos-212286-768x512.jpg 768w, https:\/\/dlcbrothersconstruction.com\/wp-content\/uploads\/2022\/07\/pexels-startup-stock-photos-212286-1536x1024.jpg 1536w, https:\/\/dlcbrothersconstruction.com\/wp-content\/uploads\/2022\/07\/pexels-startup-stock-photos-212286-2048x1365.jpg 2048w\" sizes=\"(max-width: 2560px) 100vw, 2560px\" \/><\/figure><div class=\"elementor-image-box-content\"><h4 class=\"elementor-image-box-title\">Innovaci\u00f3n<\/h4><p class=\"elementor-image-box-description\">La innovaci\u00f3n es la clave tras cada proyecto exitoso y ese es nuestra fortaleza.<\/p><\/div><\/div>\t\t<\/div>\n\t\t\t\t<\/div>\n\t\t\t\t<div class=\"elementor-element elementor-element-24b722c elementor-widget__width-initial elementor-widget-tablet__width-initial elementor-widget-mobile__width-inherit elementor-position-top elementor-widget elementor-widget-image-box\" data-id=\"24b722c\" data-element_type=\"widget\" data-widget_type=\"image-box.default\">\n\t\t\t\t<div class=\"elementor-widget-container\">\n\t\t\t<div class=\"elementor-image-box-wrapper\"><figure class=\"elementor-image-box-img\"><img loading=\"lazy\" decoding=\"async\" width=\"2560\" height=\"1704\" src=\"https:\/\/dlcbrothersconstruction.com\/wp-content\/uploads\/2022\/07\/pexels-pixabay-327540-scaled.jpg\" class=\"attachment-full size-full wp-image-8926\" alt=\"\" srcset=\"https:\/\/dlcbrothersconstruction.com\/wp-content\/uploads\/2022\/07\/pexels-pixabay-327540-scaled.jpg 2560w, https:\/\/dlcbrothersconstruction.com\/wp-content\/uploads\/2022\/07\/pexels-pixabay-327540-300x200.jpg 300w, https:\/\/dlcbrothersconstruction.com\/wp-content\/uploads\/2022\/07\/pexels-pixabay-327540-1024x682.jpg 1024w, https:\/\/dlcbrothersconstruction.com\/wp-content\/uploads\/2022\/07\/pexels-pixabay-327540-768x511.jpg 768w, https:\/\/dlcbrothersconstruction.com\/wp-content\/uploads\/2022\/07\/pexels-pixabay-327540-1536x1022.jpg 1536w, https:\/\/dlcbrothersconstruction.com\/wp-content\/uploads\/2022\/07\/pexels-pixabay-327540-2048x1363.jpg 2048w\" sizes=\"(max-width: 2560px) 100vw, 2560px\" \/><\/figure><div class=\"elementor-image-box-content\"><h4 class=\"elementor-image-box-title\">Compromiso<\/h4><p class=\"elementor-image-box-description\">Lo m\u00e1s importante son nuestros clientes. Nuestro compromiso es ofrecerles un servicio excelente, que cumpla con sus expectativas o incluso las supere.<\/p><\/div><\/div>\t\t<\/div>\n\t\t\t\t<\/div>\n\t\t\t\t\t<\/div>\n\t\t<\/div>\n\t\t\t\t\t<\/div>\n\t\t<\/section>\n\t\t\t\t<section class=\"elementor-section elementor-top-section elementor-element elementor-element-fdb1e5e elementor-section-boxed elementor-section-height-default elementor-section-height-default\" data-id=\"fdb1e5e\" data-element_type=\"section\" data-settings=\"{&quot;shape_divider_top&quot;:&quot;opacity-tilt&quot;,&quot;background_background&quot;:&quot;classic&quot;}\">\n\t\t\t\t\t\t\t<div class=\"elementor-background-overlay\"><\/div>\n\t\t\t\t\t\t<div class=\"elementor-shape elementor-shape-top\" data-negative=\"false\">\n\t\t\t<svg xmlns=\"http:\/\/www.w3.org\/2000\/svg\" viewBox=\"0 0 2600 131.1\" preserveAspectRatio=\"none\">\n\t<path class=\"elementor-shape-fill\" d=\"M0 0L2600 0 2600 69.1 0 0z\"\/>\n\t<path class=\"elementor-shape-fill\" style=\"opacity:0.5\" d=\"M0 0L2600 0 2600 69.1 0 69.1z\"\/>\n\t<path class=\"elementor-shape-fill\" style=\"opacity:0.25\" d=\"M2600 0L0 0 0 130.1 2600 69.1z\"\/>\n<\/svg>\t\t<\/div>\n\t\t\t\t\t<div class=\"elementor-container elementor-column-gap-no\">\n\t\t\t\t\t<div class=\"elementor-column elementor-col-100 elementor-top-column elementor-element elementor-element-ad7e385\" data-id=\"ad7e385\" data-element_type=\"column\" data-settings=\"{&quot;background_background&quot;:&quot;gradient&quot;}\">\n\t\t\t<div class=\"elementor-widget-wrap elementor-element-populated\">\n\t\t\t\t\t\t<div class=\"elementor-element elementor-element-4166dbb elementor-widget elementor-widget-heading\" data-id=\"4166dbb\" data-element_type=\"widget\" data-widget_type=\"heading.default\">\n\t\t\t\t<div class=\"elementor-widget-container\">\n\t\t\t<h6 class=\"elementor-heading-title elementor-size-default\">Solicitud de servicio r\u00e1pido<\/h6>\t\t<\/div>\n\t\t\t\t<\/div>\n\t\t\t\t<div class=\"elementor-element elementor-element-9924f6e elementor-vertical-align-top elementor-widget elementor-widget-icon-box\" data-id=\"9924f6e\" data-element_type=\"widget\" data-widget_type=\"icon-box.default\">\n\t\t\t\t<div class=\"elementor-widget-container\">\n\t\t\t<link rel=\"stylesheet\" href=\"http:\/\/dlcbrothersconstruction.com\/wp-content\/plugins\/elementor\/assets\/css\/widget-icon-box.min.css\">\t\t<div class=\"elementor-icon-box-wrapper\">\n\t\t\t\t\t\t<div class=\"elementor-icon-box-content\">\n\t\t\t\t<h2 class=\"elementor-icon-box-title\">\n\t\t\t\t\t<span  >\n\t\t\t\t\t\tProgramar una cita\t\t\t\t\t<\/span>\n\t\t\t\t<\/h2>\n\t\t\t\t\t\t\t\t\t<p class=\"elementor-icon-box-description\">\n\t\t\t\t\t\tColoca tu nombre completo y tu n\u00famero de tel\u00e9fono en el siguiente formulario pasa as\u00ed ponernos en contacto contigo lo antes posible.\t\t\t\t\t<\/p>\n\t\t\t\t\t\t\t<\/div>\n\t\t<\/div>\n\t\t\t\t<\/div>\n\t\t\t\t<\/div>\n\t\t\t\t\t<\/div>\n\t\t<\/div>\n\t\t\t\t\t<\/div>\n\t\t<\/section>\n\t\t\t\t<\/div>\n\t\t","protected":false},"excerpt":{"rendered":"<p>Servicios Nuestros Servicios Conf\u00eda en nuestro talento Compra y Venta de Casas Si necesitas vender\/ comprar tu hogar, no busques m\u00e1s, nosotros nos encargaremos de todo el trabajo dif\u00edcil. Remodelaciones En caso de que necesites el mejor servicio de remodelaci\u00f3n nosotros estamos especializados en el area. Plan de pagos Te ofrecemos la comodidad de pagar [&hellip;]<\/p>\n","protected":false},"author":1,"featured_media":0,"parent":0,"menu_order":0,"comment_status":"closed","ping_status":"closed","template":"","meta":{"_uag_custom_page_level_css":"","site-sidebar-layout":"no-sidebar","site-content-layout":"page-builder","ast-site-content-layout":"","site-content-style":"default","site-sidebar-style":"default","ast-global-header-display":"","ast-banner-title-visibility":"","ast-main-header-display":"","ast-hfb-above-header-display":"","ast-hfb-below-header-display":"","ast-hfb-mobile-header-display":"","site-post-title":"disabled","ast-breadcrumbs-content":"disabled","ast-featured-img":"disabled","footer-sml-layout":"","theme-transparent-header-meta":"enabled","adv-header-id-meta":null,"stick-header-meta":null,"header-above-stick-meta":null,"header-main-stick-meta":null,"header-below-stick-meta":null,"astra-migrate-meta-layouts":"default","ast-page-background-enabled":"default","ast-page-background-meta":{"desktop":{"background-color":"","background-image":"","background-repeat":"repeat","background-position":"center center","background-size":"auto","background-attachment":"scroll","background-type":"","background-media":"","overlay-type":"","overlay-color":"","overlay-gradient":""},"tablet":{"background-color":"","background-image":"","background-repeat":"repeat","background-position":"center center","background-size":"auto","background-attachment":"scroll","background-type":"","background-media":"","overlay-type":"","overlay-color":"","overlay-gradient":""},"mobile":{"background-color":"","background-image":"","background-repeat":"repeat","background-position":"center center","background-size":"auto","background-attachment":"scroll","background-type":"","background-media":"","overlay-type":"","overlay-color":"","overlay-gradient":""}},"ast-content-background-meta":{"desktop":{"background-color":"var(--ast-global-color-5)","background-image":"","background-repeat":"repeat","background-position":"center center","background-size":"auto","background-attachment":"scroll","background-type":"","background-media":"","overlay-type":"","overlay-color":"","overlay-gradient":""},"tablet":{"background-color":"var(--ast-global-color-5)","background-image":"","background-repeat":"repeat","background-position":"center center","background-size":"auto","background-attachment":"scroll","background-type":"","background-media":"","overlay-type":"","overlay-color":"","overlay-gradient":""},"mobile":{"background-color":"var(--ast-global-color-5)","background-image":"","background-repeat":"repeat","background-position":"center center","background-size":"auto","background-attachment":"scroll","background-type":"","background-media":"","overlay-type":"","overlay-color":"","overlay-gradient":""}},"footnotes":""},"class_list":["post-8793","page","type-page","status-publish","hentry"],"uagb_featured_image_src":{"full":false,"thumbnail":false,"medium":false,"medium_large":false,"large":false,"1536x1536":false,"2048x2048":false,"trp-custom-language-flag":false},"uagb_author_info":{"display_name":"DLC Brothers Construction","author_link":"https:\/\/dlcbrothersconstruction.com\/es\/author\/dlcbrothers\/"},"uagb_comment_info":0,"uagb_excerpt":"Servicios Nuestros Servicios Conf\u00eda en nuestro talento Compra y Venta de Casas Si necesitas vender\/ comprar tu hogar, no busques m\u00e1s, nosotros nos encargaremos de todo el trabajo dif\u00edcil. Remodelaciones En caso de que necesites el mejor servicio de remodelaci\u00f3n nosotros estamos especializados en el area. Plan de pagos Te ofrecemos la comodidad de pagar&hellip;","_links":{"self":[{"href":"https:\/\/dlcbrothersconstruction.com\/es\/wp-json\/wp\/v2\/pages\/8793","targetHints":{"allow":["GET"]}}],"collection":[{"href":"https:\/\/dlcbrothersconstruction.com\/es\/wp-json\/wp\/v2\/pages"}],"about":[{"href":"https:\/\/dlcbrothersconstruction.com\/es\/wp-json\/wp\/v2\/types\/page"}],"author":[{"embeddable":true,"href":"https:\/\/dlcbrothersconstruction.com\/es\/wp-json\/wp\/v2\/users\/1"}],"replies":[{"embeddable":true,"href":"https:\/\/dlcbrothersconstruction.com\/es\/wp-json\/wp\/v2\/comments?post=8793"}],"version-history":[{"count":22,"href":"https:\/\/dlcbrothersconstruction.com\/es\/wp-json\/wp\/v2\/pages\/8793\/revisions"}],"predecessor-version":[{"id":9076,"href":"https:\/\/dlcbrothersconstruction.com\/es\/wp-json\/wp\/v2\/pages\/8793\/revisions\/9076"}],"wp:attachment":[{"href":"https:\/\/dlcbrothersconstruction.com\/es\/wp-json\/wp\/v2\/media?parent=8793"}],"curies":[{"name":"wp","href":"https:\/\/api.w.org\/{rel}","templated":true}]}}